{"id":874,"date":"2017-06-23T04:10:11","date_gmt":"2017-06-23T04:10:11","guid":{"rendered":"http:\/\/localhost\/construct\/?page_id=874"},"modified":"2022-04-18T16:07:07","modified_gmt":"2022-04-18T16:07:07","slug":"home-1-slide-show-1","status":"publish","type":"page","link":"https:\/\/borinconstrucoes.com.br\/","title":{"rendered":"Home 1 &#8211; Slide Show 1"},"content":{"rendered":"<p>[vc_row fullwidth=&#8221;yes&#8221;][vc_column]\n\t<div id=\"hero-section\" data-number=\"2\"  data-image-1='https:\/\/borinconstrucoes.com.br\/wp-content\/uploads\/2021\/01\/01-jpg.jpg'  data-image-2='https:\/\/borinconstrucoes.com.br\/wp-content\/uploads\/2021\/01\/02-jpg.jpg'  data-effect=\"fade\">\n\t    <div class=\"hero-content\">\n\t        <div class=\"hero-title scroll\" data-min=\"28px\" data-max=\"80px\" data-numbers=\"1\"  data-text-1=\"\" >\n\t            \t            \t<h1><\/h1>\n\t            \t        <\/div>\n\n\t        <div class=\"hero-text\">\n\t            <\/p>\n<h1><span style=\"color: #ffffff;\"><strong>Bem-vindo ao seu melhor momento.<\/strong><\/span><\/h1>\n<p>\t        <\/div>\n\n\t        \t    <\/div><!-- \/.hero-content -->\n\t<\/div>\n    \t\n[\/vc_column][\/vc_row][vc_row el_class=&#8221;bg-color&#8221; css=&#8221;.vc_custom_1497500641462{padding-top: 32px !important;padding-bottom: 32px !important;}&#8221;][vc_column width=&#8221;1\/4&#8243;]\n\t\t\t<div class=\"col-md-8\">\n\t        <div class=\"wprt-spacer\" data-desktop=\"8\" data-mobi=\"0\" data-smobi=\"0\"><\/div>\n\t        <h2 class=\"text-white text-center-mobile font-size-20 margin-bottom-0\">Borin<\/h2>\n\t        <div class=\"wprt-spacer\" data-desktop=\"0\" data-mobi=\"20\" data-smobi=\"20\"><\/div>\n\t    <\/div>\n\n\t    <div class=\"col-md-4\">\n\t        <div class=\"text-right text-center-mobile\">\n\t        \n\t        \t        <\/div>\n\t    <\/div>\n\t\n[\/vc_column][vc_column width=&#8221;3\/4&#8243;]\n\t\t\t<div class=\"col-md-8\">\n\t        <div class=\"wprt-spacer\" data-desktop=\"8\" data-mobi=\"0\" data-smobi=\"0\"><\/div>\n\t        <h2 class=\"text-white text-center-mobile font-size-20 margin-bottom-0\">Excel\u00eancia em conforto e pelo que h\u00e1 de melhor em acabamentos, tecnologia e sustentabilidade.<\/h2>\n\t        <div class=\"wprt-spacer\" data-desktop=\"0\" data-mobi=\"20\" data-smobi=\"20\"><\/div>\n\t    <\/div>\n\n\t    <div class=\"col-md-4\">\n\t        <div class=\"text-right text-center-mobile\">\n\t        \n\t        <a class=\"wprt-button white rounded-3px\" href=\"https:\/\/borinconstrucoes.com.br\/?page_id=657\" target=\"_self\">Sobre N\u00f3s<\/a>\t        <\/div>\n\t    <\/div>\n\t\n[\/vc_column][\/vc_row][vc_row css=&#8221;.vc_custom_1497500715270{padding-top: 80px !important;padding-bottom: 80px !important;}&#8221;][vc_column]\n    <h2 class=\"text-center\" >O nosso jeito de construir<\/h2>\n    \t    <div class=\"wprt-lines style-2 custom-1\">\n\t        <div class=\"line-1\"><\/div>\n\t    <\/div>\n    \n        \t\n[vc_empty_space height=&#8221;50px&#8221;][\/vc_column][vc_column offset=&#8221;vc_col-md-4&#8243;]\n\t<div class=\"wprt-icon-box accent-background icon-left rounded icon-effect-2 width-70\">\n        <div class=\"icon-wrap font-size-40\">\n            <span class=\"dd-icon  icon-o-drawing\"><\/span>\n        <\/div>\n        <div class=\"content-wrap\">\n            <h3 class=\"dd-title font-size-18\">Alto Padr\u00e3o All Line<\/h3>\n            <p>Alto padr\u00e3o em todas as etapas do processo, desde o projeto at\u00e9 a entrega do empreendimento.<\/p>\n        <\/div>\n    <\/div>\n\n[vc_empty_space height=&#8221;50px&#8221;]\n\t<div class=\"wprt-icon-box accent-background icon-left rounded icon-effect-2 width-70\">\n        <div class=\"icon-wrap font-size-40\">\n            <span class=\"dd-icon  icon-o-wallpaper\"><\/span>\n        <\/div>\n        <div class=\"content-wrap\">\n            <h3 class=\"dd-title font-size-18\">Co-cria\u00e7\u00e3o de projetos<\/h3>\n            <p>Unidades podem ser personalizadas de acordo com a prefer\u00eancias e necessidades do cliente.<\/p>\n        <\/div>\n    <\/div>\n\n[vc_column_text]<\/p>\n<div class=\"wprt-spacer\" data-desktop=\"0\" data-mobi=\"40\" data-smobi=\"40\"><\/div>\n<p>[\/vc_column_text][\/vc_column][vc_column offset=&#8221;vc_col-md-4&#8243;]\n\t<div class=\"wprt-icon-box accent-background icon-left rounded icon-effect-2 width-70\">\n        <div class=\"icon-wrap font-size-40\">\n            <span class=\"dd-icon  icon-o-parquet\"><\/span>\n        <\/div>\n        <div class=\"content-wrap\">\n            <h3 class=\"dd-title font-size-18\">Eco Friendly<\/h3>\n            <p>Energia fotovoltaica, reutiliza\u00e7\u00e3o de \u00e1gua pluvial e gera\u00e7\u00e3o de energia de emerg\u00eancia.<\/p>\n        <\/div>\n    <\/div>\n\n[vc_empty_space height=&#8221;50px&#8221;]\n\t<div class=\"wprt-icon-box accent-background icon-left rounded icon-effect-2 width-70\">\n        <div class=\"icon-wrap font-size-40\">\n            <span class=\"dd-icon  icon-o-eolic-energy\"><\/span>\n        <\/div>\n        <div class=\"content-wrap\">\n            <h3 class=\"dd-title font-size-18\">Full Tech<\/h3>\n            <p>Automa\u00e7\u00e3o residencial, tomadas para carros el\u00e9tricos, aquecimento solar e o melhor da tecnologia predial.<\/p>\n        <\/div>\n    <\/div>\n\n[vc_column_text]<\/p>\n<div class=\"wprt-spacer\" data-desktop=\"0\" data-mobi=\"40\" data-smobi=\"40\"><\/div>\n<p>[\/vc_column_text][\/vc_column][vc_column offset=&#8221;vc_col-md-4&#8243;]\n\t<div class=\"wprt-icon-box accent-background icon-left rounded icon-effect-2 width-70\">\n        <div class=\"icon-wrap font-size-40\">\n            <span class=\"dd-icon  icon-o-relief-valve-2\"><\/span>\n        <\/div>\n        <div class=\"content-wrap\">\n            <h3 class=\"dd-title font-size-18\">Smart Bullldings<\/h3>\n            <p>Estrat\u00e9gias de tecnologia focadas em em otimiza\u00e7\u00e3o de recursos e na redu\u00e7\u00e3o do custo de condom\u00ednio.<\/p>\n        <\/div>\n    <\/div>\n\n[vc_empty_space height=&#8221;50px&#8221;]\n\t<div class=\"wprt-icon-box accent-background icon-left rounded icon-effect-2 width-70\">\n        <div class=\"icon-wrap font-size-40\">\n            <span class=\"dd-icon  icon-o-engineer\"><\/span>\n        <\/div>\n        <div class=\"content-wrap\">\n            <h3 class=\"dd-title font-size-18\">Coliving Thinking<\/h3>\n            <p>Experi\u00eancia total em espa\u00e7os diferenciados de lazer: Sal\u00e3o de Festas, Academia, Piscina, \u00c1rea Kids e muito mais.<\/p>\n        <\/div>\n    <\/div>\n\n[\/vc_column][\/vc_row][vc_row parallax_bg=&#8221;true&#8221; css=&#8221;.vc_custom_1607713768875{padding-top: 80px !important;padding-bottom: 80px !important;background-color: #000000 !important;}&#8221;][vc_column]\n    <h2 class=\"text-left\" style=color:#ffffff>\u00daltimos empreendimentos<\/h2>\n    \t    <div class=\"wprt-lines style-1 custom-3\">\n\t        <div class=\"line-1\"><\/div>\n\t    <\/div>\n    \n    \t    <div class=\"wprt-spacer\" data-desktop=\"36\" data-mobi=\"30\" data-smobi=\"30\"><\/div>\n\t    <div class=\"wprt-subtitle left\">Projetos com alto potencial de valoriza\u00e7\u00e3o e \u00fanicos em cada detalhe.<\/div>\n\t    \t\n[vc_empty_space height=&#8221;50px&#8221;]\n\t<div class=\"wprt-project  \" data-layout=\"slider\" data-column=\"2\" data-column2=\"2\" data-column3=\"2\" data-column4=\"1\" data-gaph=\"0\" data-gapv=\"0\">\n\t\t<div id=\"projects\" class=\"cbp\">\n\t\t\t\t\t\t<div class=\"cbp-item\">\n                <div class=\"project-item\">\n                    <div class=\"inner\">\n                        <div class=\"grid\">\n                        <figure class=\"effect-zoe\">\n                            <a href=\"https:\/\/borinconstrucoes.com.br\/?portfolio=maesta\"><img width=\"1024\" height=\"660\" src=\"https:\/\/borinconstrucoes.com.br\/wp-content\/uploads\/2021\/04\/Fachada-Maesta-Site.png\" class=\"attachment-post-thumbnail size-post-thumbnail wp-post-image\" alt=\"\" loading=\"lazy\" srcset=\"https:\/\/borinconstrucoes.com.br\/wp-content\/uploads\/2021\/04\/Fachada-Maesta-Site.png 1024w, https:\/\/borinconstrucoes.com.br\/wp-content\/uploads\/2021\/04\/Fachada-Maesta-Site-300x193.png 300w, https:\/\/borinconstrucoes.com.br\/wp-content\/uploads\/2021\/04\/Fachada-Maesta-Site-768x495.png 768w\" sizes=\"(max-width: 1024px) 100vw, 1024px\" \/><\/a>\n                            <figcaption>\n                                <div>\n                                    <h2><a href=\"https:\/\/borinconstrucoes.com.br\/?portfolio=maesta\">Maest\u00e0 Palace Home<\/a><\/h2>\n                                    <p>LAN\u00c7AMENTO<span>, <\/span><\/p>\n                                <\/div>\n                            <\/figcaption>        \n                        <\/figure>\n                        <\/div>\n\n                        <a class=\"project-zoom cbp-lightbox\" href=\"https:\/\/borinconstrucoes.com.br\/wp-content\/uploads\/2021\/04\/Fachada-Maesta-Site.png\" data-title=\"Maest\u00e0 Palace Home\">\n                            <i class=\"fa fa-arrows-alt\"><\/i>\n                        <\/a>\n                    <\/div>\n                <\/div>\n            <\/div>\n            \t\t\t<div class=\"cbp-item\">\n                <div class=\"project-item\">\n                    <div class=\"inner\">\n                        <div class=\"grid\">\n                        <figure class=\"effect-zoe\">\n                            <a href=\"https:\/\/borinconstrucoes.com.br\/?portfolio=sovrano-residence\"><img width=\"1024\" height=\"660\" src=\"https:\/\/borinconstrucoes.com.br\/wp-content\/uploads\/2020\/08\/destaque.png\" class=\"attachment-post-thumbnail size-post-thumbnail wp-post-image\" alt=\"\" loading=\"lazy\" srcset=\"https:\/\/borinconstrucoes.com.br\/wp-content\/uploads\/2020\/08\/destaque.png 1024w, https:\/\/borinconstrucoes.com.br\/wp-content\/uploads\/2020\/08\/destaque-300x193.png 300w, https:\/\/borinconstrucoes.com.br\/wp-content\/uploads\/2020\/08\/destaque-768x495.png 768w\" sizes=\"(max-width: 1024px) 100vw, 1024px\" \/><\/a>\n                            <figcaption>\n                                <div>\n                                    <h2><a href=\"https:\/\/borinconstrucoes.com.br\/?portfolio=sovrano-residence\">Sovrano Residence<\/a><\/h2>\n                                    <p>CONCLU\u00cdDOS<span>, <\/span><\/p>\n                                <\/div>\n                            <\/figcaption>        \n                        <\/figure>\n                        <\/div>\n\n                        <a class=\"project-zoom cbp-lightbox\" href=\"https:\/\/borinconstrucoes.com.br\/wp-content\/uploads\/2020\/08\/destaque.png\" data-title=\"Sovrano Residence\">\n                            <i class=\"fa fa-arrows-alt\"><\/i>\n                        <\/a>\n                    <\/div>\n                <\/div>\n            <\/div>\n            \t\t<\/div>\n\t<\/div>\n\n[\/vc_column][\/vc_row][vc_row css=&#8221;.vc_custom_1497502008264{padding-top: 80px !important;padding-bottom: 80px !important;background-color: #f8f8f8 !important;}&#8221;][vc_column]\n    <h2 class=\"text-left\" >Blog<\/h2>\n    \t    <div class=\"wprt-lines style-1 custom-3\">\n\t        <div class=\"line-1\"><\/div>\n\t    <\/div>\n    \n        \t\n[vc_empty_space height=&#8221;50px&#8221;][vc_basic_grid post_type=&#8221;post&#8221; max_items=&#8221;3&#8243; grid_id=&#8221;vc_gid:1650297992351-302ed79d-92a6-4&#8243;][\/vc_column][\/vc_row][vc_row fullwidth=&#8221;yes&#8221;][vc_column][vc_empty_space][\/vc_column][\/vc_row]<\/p>\n","protected":false},"excerpt":{"rendered":"<p>[vc_row fullwidth=&#8221;yes&#8221;][vc_column][\/vc_column][\/vc_row][vc_row el_class=&#8221;bg-color&#8221; css=&#8221;.vc_custom_1497500641462{padding-top: 32px !important;padding-bottom: 32px !important;}&#8221;][vc_column width=&#8221;1\/4&#8243;][\/vc_column][vc_column width=&#8221;3\/4&#8243;][\/vc_column][\/vc_row][vc_row css=&#8221;.vc_custom_1497500715270{padding-top: 80px !important;padding-bottom: 80px !important;}&#8221;][vc_column][vc_empty_space height=&#8221;50px&#8221;][\/vc_column][vc_column offset=&#8221;vc_col-md-4&#8243;][vc_empty_space height=&#8221;50px&#8221;][vc_column_text] [\/vc_column_text][\/vc_column][vc_column offset=&#8221;vc_col-md-4&#8243;][vc_empty_space height=&#8221;50px&#8221;][vc_column_text] [\/vc_column_text][\/vc_column][vc_column offset=&#8221;vc_col-md-4&#8243;][vc_empty_space height=&#8221;50px&#8221;][\/vc_column][\/vc_row][vc_row parallax_bg=&#8221;true&#8221; css=&#8221;.vc_custom_1607713768875{padding-top: 80px !important;padding-bottom: 80px !important;background-color: #000000 !important;}&#8221;][vc_column][vc_empty_space height=&#8221;50px&#8221;][\/vc_column][\/vc_row][vc_row css=&#8221;.vc_custom_1497502008264{padding-top: 80px !important;padding-bottom: 80px !important;background-color: #f8f8f8 !important;}&#8221;][vc_column][vc_empty_space height=&#8221;50px&#8221;][vc_basic_grid post_type=&#8221;post&#8221; max_items=&#8221;3&#8243; grid_id=&#8221;vc_gid:1650297992351-302ed79d-92a6-4&#8243;][\/vc_column][\/vc_row][vc_row fullwidth=&#8221;yes&#8221;][vc_column][vc_empty_space][\/vc_column][\/vc_row]<\/p>\n","protected":false},"author":1,"featured_media":0,"parent":0,"menu_order":0,"comment_status":"closed","ping_status":"closed","template":"page-templates\/template-trans.php","meta":[],"_links":{"self":[{"href":"https:\/\/borinconstrucoes.com.br\/index.php?rest_route=\/wp\/v2\/pages\/874"}],"collection":[{"href":"https:\/\/borinconstrucoes.com.br\/index.php?rest_route=\/wp\/v2\/pages"}],"about":[{"href":"https:\/\/borinconstrucoes.com.br\/index.php?rest_route=\/wp\/v2\/types\/page"}],"author":[{"embeddable":true,"href":"https:\/\/borinconstrucoes.com.br\/index.php?rest_route=\/wp\/v2\/users\/1"}],"replies":[{"embeddable":true,"href":"https:\/\/borinconstrucoes.com.br\/index.php?rest_route=%2Fwp%2Fv2%2Fcomments&post=874"}],"version-history":[{"count":85,"href":"https:\/\/borinconstrucoes.com.br\/index.php?rest_route=\/wp\/v2\/pages\/874\/revisions"}],"predecessor-version":[{"id":1701,"href":"https:\/\/borinconstrucoes.com.br\/index.php?rest_route=\/wp\/v2\/pages\/874\/revisions\/1701"}],"wp:attachment":[{"href":"https:\/\/borinconstrucoes.com.br\/index.php?rest_route=%2Fwp%2Fv2%2Fmedia&parent=874"}],"curies":[{"name":"wp","href":"https:\/\/api.w.org\/{rel}","templated":true}]}}