{"id":657,"date":"2017-06-14T05:00:40","date_gmt":"2017-06-14T05:00:40","guid":{"rendered":"http:\/\/localhost\/construct\/?page_id=657"},"modified":"2025-06-05T14:19:51","modified_gmt":"2025-06-05T14:19:51","slug":"about-us-2","status":"publish","type":"page","link":"https:\/\/borinconstrucoes.com.br\/?page_id=657","title":{"rendered":"Sobre N\u00f3s"},"content":{"rendered":"<p>[vc_row css=&#8221;.vc_custom_1497416090331{padding-top: 80px !important;padding-bottom: 80px !important;}&#8221;][vc_column offset=&#8221;vc_col-md-6&#8243;]\n    <h6 class=\"text-left\" style=color:#dd9933>EMPRESA CONTEMPOR\u00c2NEA E DE QUALIDADE SUPERIOR<\/h6>\n    \t    <div class=\"wprt-lines style-1 custom-3\">\n\t        <div class=\"line-1\"><\/div>\n\t    <\/div>\n    \n        \t\n[vc_column_text css=&#8221;.vc_custom_1607534041651{margin-top: 25px !important;margin-bottom: 25px !important;}&#8221;]<\/p>\n<p style=\"text-align: left;\">Nossa hist\u00f3ria come\u00e7a antes mesmo da cria\u00e7\u00e3o da empresa. Desde 1988 atuamos no ramo da constru\u00e7\u00e3o civil, projetando casas e pr\u00e9dios residenciais.<br \/>\nDurante muitos anos buscamos nos profissionalizar e estudar novas tecnologias para incorpor\u00e1-las em nossos projetos e foi somente em 2010 que nasceu a Borin Constru\u00e7\u00f5es e Incorpora\u00e7\u00f5es, com o objetivo de entregar solu\u00e7\u00f5es de alto padr\u00e3o em todas as etapas do processo de constru\u00e7\u00e3o civil.<\/p>\n<p>Desde ent\u00e3o, nosso objetivo \u00e9 criar projetos sustent\u00e1veis e com alta tecnologia, para oferecer solu\u00e7\u00f5es com o mais elevado padr\u00e3o.[\/vc_column_text][vc_column_text]<\/p>\n<div class=\"wprt-spacer\" style=\"height: 0px;\" data-desktop=\"0\" data-mobi=\"35\" data-smobi=\"35\"><\/div>\n<p>[\/vc_column_text][\/vc_column][vc_column offset=&#8221;vc_col-md-6&#8243;][vc_single_image image=&#8221;1346&#8243; img_size=&#8221;full&#8221; alignment=&#8221;center&#8221;][\/vc_column][\/vc_row][vc_row content_placement=&#8221;middle&#8221;][vc_column width=&#8221;1\/2&#8243;][vc_single_image image=&#8221;1706&#8243; img_size=&#8221;full&#8221; add_caption=&#8221;yes&#8221; alignment=&#8221;center&#8221; onclick=&#8221;zoom&#8221; css=&#8221;.vc_custom_1749133068798{padding-top: 50px !important;}&#8221;][\/vc_column][vc_column width=&#8221;1\/2&#8243;][vc_empty_space height=&#8221;50px&#8221;]\n    <h3 class=\"text-left\" style=color:#dd9933>SOCIOS PROPRIET\u00c1RIOS<\/h3>\n    \n        \t\n[vc_column_text]<strong>Rachel Muterlle Borin<\/strong><br \/>\nSua atua\u00e7\u00e3o \u00e9 destacada na \u00e1rea conceitual e criativa dos empreendimentos, al\u00e9m de atuar como profissional da odontologia, e participar de cada detalhe dos projetos. \u00c9 respons\u00e1vel tamb\u00e9m por idealizar nomes marcantes e ajudar a traduzir os diferenciais dos empreendimentos da empresa. Com uma postura elegante e comunicativa, Rachel tamb\u00e9m participa das apresenta\u00e7\u00f5es institucionais, sendo a figura ideal para representar inova\u00e7\u00e3o, cuidado com os detalhes e conex\u00e3o com os futuros moradores.<\/p>\n<p><strong>M\u00e1rcio Andr\u00e9 Borin<\/strong><br \/>\nCom s\u00f3lida experi\u00eancia t\u00e9cnica e paix\u00e3o pela inova\u00e7\u00e3o, M\u00e1rcio lidera com foco e precis\u00e3o. Sua capacidade de transformar ideias em solu\u00e7\u00f5es concretas faz da Borin uma refer\u00eancia em qualidade e execu\u00e7\u00e3o no mercado imobili\u00e1rio. Conciliando inova\u00e7\u00e3o, responsabilidade e efici\u00eancia, tem olhar estrat\u00e9gico para viabilidade, cronogramas e sustentabilidade, sendo refer\u00eancia na integra\u00e7\u00e3o de novas tecnologias.[\/vc_column_text][\/vc_column][\/vc_row][vc_row css=&#8221;.vc_custom_1749133137417{margin-top: 50px !important;}&#8221;][vc_column width=&#8221;1\/2&#8243;][vc_empty_space height=&#8221;50px&#8221;]\n    <h3 class=\"text-left\" style=color:#dd9933>EQUIPES MULTIDISCIPLINARES<\/h3>\n    \n        \t\n[vc_column_text]Integramos equipes especializadas para cada empreendimento. Assim, conseguimos entregar projetos exclusivos e altamente tecnol\u00f3gicos, com o aux\u00edlio<br \/>\nde profissionais de diversas \u00e1reas.[\/vc_column_text][\/vc_column][vc_column width=&#8221;1\/2&#8243;][vc_single_image image=&#8221;1365&#8243; img_size=&#8221;full&#8221;][\/vc_column][vc_column][\/vc_column][\/vc_row][vc_row][vc_column width=&#8221;1\/2&#8243;][vc_single_image image=&#8221;1372&#8243; img_size=&#8221;full&#8221;][\/vc_column][vc_column width=&#8221;1\/2&#8243;][vc_empty_space height=&#8221;50px&#8221;]\n    <h3 class=\"text-left\" style=color:#dd9933>TECNOLOGIA E SUSTENTABILIDADE<\/h3>\n    \n        \t\n[vc_column_text]Valorizamos tecnologias que auxiliem no cuidado com o meio ambiente com o objetivo de reduzir os impactos na natureza.<br \/>\nImplementamos em nossos projetos solu\u00e7\u00f5es de reuso da \u00e1gua pluvial, utiliza\u00e7\u00e3o de sistemas fotovoltaicos para gera\u00e7\u00e3o de energia limpa e renov\u00e1vel, ilumina\u00e7\u00e3o de led, que reduz o consumo, biciclet\u00e1rios, ilumina\u00e7\u00e3o e ventila\u00e7\u00e3o natural nas unidades, sistema de aquecimento solar para piscinas e amplas<br \/>\n\u00e1reas verdes em todos nossos projetos.[\/vc_column_text][\/vc_column][\/vc_row][vc_row parallax_bg=&#8221;true&#8221; css=&#8221;.vc_custom_1607534810134{padding-top: 120px !important;padding-bottom: 120px !important;background-image: url(https:\/\/borinconstrucoes.com.br\/wp-content\/uploads\/2020\/12\/MAESTAPH-MRK-IMG-FACHADA-SACADA-NOTURNA-001-R00.png?id=1343) !important;}&#8221;][vc_column][vc_column_text css=&#8221;.vc_custom_1607534432640{margin-bottom: 0px !important;}&#8221;]<\/p>\n<h3 class=\"text-center text-white font-family-heading font-size-30 margin-bottom-30\" style=\"text-align: center;\">EXCEL\u00caNCIA EM CONSTRU\u00c7\u00c3O DESDE 1988<\/h3>\n<p style=\"text-align: center;\"><a class=\"wprt-button rounded-3px\" href=\"https:\/\/borinconstrucoes.com.br\/?page_id=501\">EMPRENDIMENTOS<\/a><\/p>\n<p>[\/vc_column_text][\/vc_column][\/vc_row]<\/p>\n","protected":false},"excerpt":{"rendered":"<p>[vc_row css=&#8221;.vc_custom_1497416090331{padding-top: 80px !important;padding-bottom: 80px !important;}&#8221;][vc_column offset=&#8221;vc_col-md-6&#8243;][vc_column_text css=&#8221;.vc_custom_1607534041651{margin-top: 25px !important;margin-bottom: 25px !important;}&#8221;] Nossa hist\u00f3ria come\u00e7a antes mesmo da cria\u00e7\u00e3o da empresa. Desde 1988 atuamos no ramo da constru\u00e7\u00e3o civil, projetando casas e pr\u00e9dios residenciais. Durante muitos anos buscamos nos profissionalizar e estudar novas tecnologias para incorpor\u00e1-las em nossos projetos e foi somente em 2010 que [&hellip;]<\/p>\n","protected":false},"author":1,"featured_media":1341,"parent":0,"menu_order":0,"comment_status":"closed","ping_status":"closed","template":"page-templates\/template-fullwidth.php","meta":[],"_links":{"self":[{"href":"https:\/\/borinconstrucoes.com.br\/index.php?rest_route=\/wp\/v2\/pages\/657"}],"collection":[{"href":"https:\/\/borinconstrucoes.com.br\/index.php?rest_route=\/wp\/v2\/pages"}],"about":[{"href":"https:\/\/borinconstrucoes.com.br\/index.php?rest_route=\/wp\/v2\/types\/page"}],"author":[{"embeddable":true,"href":"https:\/\/borinconstrucoes.com.br\/index.php?rest_route=\/wp\/v2\/users\/1"}],"replies":[{"embeddable":true,"href":"https:\/\/borinconstrucoes.com.br\/index.php?rest_route=%2Fwp%2Fv2%2Fcomments&post=657"}],"version-history":[{"count":31,"href":"https:\/\/borinconstrucoes.com.br\/index.php?rest_route=\/wp\/v2\/pages\/657\/revisions"}],"predecessor-version":[{"id":1707,"href":"https:\/\/borinconstrucoes.com.br\/index.php?rest_route=\/wp\/v2\/pages\/657\/revisions\/1707"}],"wp:featuredmedia":[{"embeddable":true,"href":"https:\/\/borinconstrucoes.com.br\/index.php?rest_route=\/wp\/v2\/media\/1341"}],"wp:attachment":[{"href":"https:\/\/borinconstrucoes.com.br\/index.php?rest_route=%2Fwp%2Fv2%2Fmedia&parent=657"}],"curies":[{"name":"wp","href":"https:\/\/api.w.org\/{rel}","templated":true}]}}