{"id":501,"date":"2017-06-09T08:50:54","date_gmt":"2017-06-09T08:50:54","guid":{"rendered":"http:\/\/localhost\/construct\/?page_id=501"},"modified":"2020-12-11T18:55:20","modified_gmt":"2020-12-11T18:55:20","slug":"portfolio-grid","status":"publish","type":"page","link":"https:\/\/borinconstrucoes.com.br\/?page_id=501","title":{"rendered":"Empreendimentos"},"content":{"rendered":"<p>[vc_row css=&#8221;.vc_custom_1492766866217{padding-top: 70px !important;padding-bottom: 80px !important;}&#8221;][vc_column]\n    <h1 class=\"text-center\" >Descubra o verdadeiro alto padr\u00e3o<\/h1>\n    \t    <div class=\"wprt-lines style-2 custom-1\">\n\t        <div class=\"line-1\"><\/div>\n\t    <\/div>\n    \n    \t    <div class=\"wprt-spacer\" data-desktop=\"36\" data-mobi=\"30\" data-smobi=\"30\"><\/div>\n\t    <div class=\"wprt-subtitle \">Trabalhamos com um empreendimento por vez e por isso conseguimos atingir um n\u00edvel de qualidade e sofistica\u00e7\u00e3o elevado em todos os detalhes. Conhe\u00e7a nossos empreendimentos e surpreenda-se:<\/div>\n\t    \t\n[vc_empty_space height=&#8221;43px&#8221;]\n\t<div class=\"wprt-project\" data-layout=\"grid\" data-column=\"3\" data-column2=\"3\" data-column3=\"2\" data-column4=\"1\" data-gaph=\"30\" data-gapv=\"30\">\n\t\t<div id=\"project-filter\">\n\t\t\t<div data-filter=\"*\" class=\"cbp-filter-item\"><span>Todos<\/span><\/div>\t\t\t\t    \t<div data-filter=\".concluidos\" class=\"cbp-filter-item\"><span>CONCLU\u00cdDOS<\/span><\/div>\n\t    \t\t    \t<div data-filter=\".lancamento\" class=\"cbp-filter-item\"><span>LAN\u00c7AMENTO<\/span><\/div>\n\t    \t\t\t<\/div>\n\n\t\t<div id=\"projects\" class=\"cbp\">\n\t\t\t\t\t\t<div class=\"cbp-item lancamento \">\n                <div class=\"project-item\">\n                    <div class=\"inner\">\n                        <div class=\"grid\">\n                        <figure class=\"effect-zoe\">\n                        \t<a class=\"link\" href=\"https:\/\/borinconstrucoes.com.br\/?portfolio=maesta\"><\/a>\n                            <a href=\"https:\/\/borinconstrucoes.com.br\/?portfolio=maesta\"><img width=\"1024\" height=\"660\" src=\"https:\/\/borinconstrucoes.com.br\/wp-content\/uploads\/2021\/04\/Fachada-Maesta-Site.png\" class=\"attachment-post-thumbnail size-post-thumbnail wp-post-image\" alt=\"\" loading=\"lazy\" srcset=\"https:\/\/borinconstrucoes.com.br\/wp-content\/uploads\/2021\/04\/Fachada-Maesta-Site.png 1024w, https:\/\/borinconstrucoes.com.br\/wp-content\/uploads\/2021\/04\/Fachada-Maesta-Site-300x193.png 300w, https:\/\/borinconstrucoes.com.br\/wp-content\/uploads\/2021\/04\/Fachada-Maesta-Site-768x495.png 768w\" sizes=\"(max-width: 1024px) 100vw, 1024px\" \/><\/a>\n                            <figcaption>\n                                <div>\n                                    <h2><a href=\"https:\/\/borinconstrucoes.com.br\/?portfolio=maesta\">Maest\u00e0 Palace Home<\/a><\/h2>\n                                    <p>LAN\u00c7AMENTO<span>, <\/span><\/p>\n                                <\/div>\n                            <\/figcaption>           \n                        <\/figure>\n                        <\/div>\n\n                         <a class=\"project-zoom cbp-lightbox\" href=\"https:\/\/borinconstrucoes.com.br\/wp-content\/uploads\/2021\/04\/Fachada-Maesta-Site.png\" data-title=\"Maest\u00e0 Palace Home\">\n                            <i class=\"fa fa-arrows-alt\"><\/i>\n                        <\/a>\n                    <\/div>\n                <\/div>\n            <\/div>\n            \t\t\t<div class=\"cbp-item concluidos \">\n                <div class=\"project-item\">\n                    <div class=\"inner\">\n                        <div class=\"grid\">\n                        <figure class=\"effect-zoe\">\n                        \t<a class=\"link\" href=\"https:\/\/borinconstrucoes.com.br\/?portfolio=sovrano-residence\"><\/a>\n                            <a href=\"https:\/\/borinconstrucoes.com.br\/?portfolio=sovrano-residence\"><img width=\"1024\" height=\"660\" src=\"https:\/\/borinconstrucoes.com.br\/wp-content\/uploads\/2020\/08\/destaque.png\" class=\"attachment-post-thumbnail size-post-thumbnail wp-post-image\" alt=\"\" loading=\"lazy\" srcset=\"https:\/\/borinconstrucoes.com.br\/wp-content\/uploads\/2020\/08\/destaque.png 1024w, https:\/\/borinconstrucoes.com.br\/wp-content\/uploads\/2020\/08\/destaque-300x193.png 300w, https:\/\/borinconstrucoes.com.br\/wp-content\/uploads\/2020\/08\/destaque-768x495.png 768w\" sizes=\"(max-width: 1024px) 100vw, 1024px\" \/><\/a>\n                            <figcaption>\n                                <div>\n                                    <h2><a href=\"https:\/\/borinconstrucoes.com.br\/?portfolio=sovrano-residence\">Sovrano Residence<\/a><\/h2>\n                                    <p>CONCLU\u00cdDOS<span>, <\/span><\/p>\n                                <\/div>\n                            <\/figcaption>           \n                        <\/figure>\n                        <\/div>\n\n                         <a class=\"project-zoom cbp-lightbox\" href=\"https:\/\/borinconstrucoes.com.br\/wp-content\/uploads\/2020\/08\/destaque.png\" data-title=\"Sovrano Residence\">\n                            <i class=\"fa fa-arrows-alt\"><\/i>\n                        <\/a>\n                    <\/div>\n                <\/div>\n            <\/div>\n            \t\t<\/div>\n\t<\/div>\n\n[\/vc_column][\/vc_row]<\/p>\n","protected":false},"excerpt":{"rendered":"<p>[vc_row css=&#8221;.vc_custom_1492766866217{padding-top: 70px !important;padding-bottom: 80px !important;}&#8221;][vc_column][vc_empty_space height=&#8221;43px&#8221;][\/vc_column][\/vc_row]<\/p>\n","protected":false},"author":1,"featured_media":0,"parent":0,"menu_order":0,"comment_status":"closed","ping_status":"closed","template":"page-templates\/template-fullwidth.php","meta":[],"_links":{"self":[{"href":"https:\/\/borinconstrucoes.com.br\/index.php?rest_route=\/wp\/v2\/pages\/501"}],"collection":[{"href":"https:\/\/borinconstrucoes.com.br\/index.php?rest_route=\/wp\/v2\/pages"}],"about":[{"href":"https:\/\/borinconstrucoes.com.br\/index.php?rest_route=\/wp\/v2\/types\/page"}],"author":[{"embeddable":true,"href":"https:\/\/borinconstrucoes.com.br\/index.php?rest_route=\/wp\/v2\/users\/1"}],"replies":[{"embeddable":true,"href":"https:\/\/borinconstrucoes.com.br\/index.php?rest_route=%2Fwp%2Fv2%2Fcomments&post=501"}],"version-history":[{"count":4,"href":"https:\/\/borinconstrucoes.com.br\/index.php?rest_route=\/wp\/v2\/pages\/501\/revisions"}],"predecessor-version":[{"id":1397,"href":"https:\/\/borinconstrucoes.com.br\/index.php?rest_route=\/wp\/v2\/pages\/501\/revisions\/1397"}],"wp:attachment":[{"href":"https:\/\/borinconstrucoes.com.br\/index.php?rest_route=%2Fwp%2Fv2%2Fmedia&parent=501"}],"curies":[{"name":"wp","href":"https:\/\/api.w.org\/{rel}","templated":true}]}}